{"id":2143,"date":"2018-12-18T07:21:05","date_gmt":"2018-12-18T07:21:05","guid":{"rendered":"https:\/\/www.windeco.biz\/partenaires\/"},"modified":"2020-02-18T14:35:11","modified_gmt":"2020-02-18T14:35:11","slug":"partners","status":"publish","type":"page","link":"https:\/\/www.windeco.biz\/de\/partners\/","title":{"rendered":"Partners"},"content":{"rendered":"<p>Windeco verf\u00fcgt \u00fcber ein dichtes weltweites Netzwerk von Partnern, die in der Lage sind, mechanische Komponenten von hoher Qualit\u00e4t von Prototypen-Einzelst\u00fccken bis zu sehr gro\u00dfen Serien zu fertigen.<\/p>\n<p>Unsere Partner haben Maschinen mit folgenden Technologien :<\/p>\n<ul>\n<li>Mehrspindel und Mono-Drehmaschinen (CAM-gesteuerte und CNC)<\/li>\n<li>Weich \/ Hartdrehen \/ Bohren \/ Fr\u00e4sen<\/li>\n<li>Schleifen : Innen \/ Au\u00dfen \/ Centerless \/ L\u00e4ppen<\/li>\n<li>Honen<\/li>\n<li>Schmieden: Kalt \/ Warm<\/li>\n<li>Stanzteile<\/li>\n<li>Thermische Behandlung von Stahl \/ Aluminium<\/li>\n<li>Oberfl\u00e4chenbehandlung : Zink, und Nickel Beschichtung, PTFE \u2013 Anodisieren \u2013 Dekoration<\/li>\n<li>Kunststoff- Spritzg\u00fcssen und \u00dcberspritzen<\/li>\n<li>Aluminiumguss<\/li>\n<li>Montage<\/li>\n<li>3D Druck<\/li>\n<li>Qualit\u00e4tssicherung : Automatische Pr\u00fcfung mit Kamera<\/li>\n<\/ul>\n<p>Die meisten unserer Partner sind zertifiziert nach TS16949, ISO 14001.<\/p>\n","protected":false},"excerpt":{"rendered":"<p>Windeco verf\u00fcgt \u00fcber ein dichtes weltweites Netzwerk von Partnern, die in der Lage sind, mechanische Komponenten von hoher Qualit\u00e4t von Prototypen-Einzelst\u00fccken bis zu sehr gro\u00dfen Serien zu fertigen. Unsere Partner haben Maschinen mit folgenden Technologien : Mehrspindel und Mono-Drehmaschinen (CAM-gesteuerte und CNC) Weich \/ Hartdrehen \/ Bohren \/ Fr\u00e4sen Schleifen : Innen \/ Au\u00dfen \/ [&hellip;]<\/p>\n","protected":false},"author":2,"featured_media":2366,"parent":0,"menu_order":2,"comment_status":"closed","ping_status":"closed","template":"page-partenaires.php","meta":{"footnotes":""},"acf":[],"yoast_head":"<!-- This site is optimized with the Yoast SEO plugin v22.6 - https:\/\/yoast.com\/wordpress\/plugins\/seo\/ -->\n<title>Partners - Windeco<\/title>\n<meta name=\"robots\" content=\"index, follow, max-snippet:-1, max-image-preview:large, max-video-preview:-1\" \/>\n<link rel=\"canonical\" href=\"https:\/\/www.windeco.biz\/de\/partners\/\" \/>\n<meta property=\"og:locale\" content=\"de_DE\" \/>\n<meta property=\"og:type\" content=\"article\" \/>\n<meta property=\"og:title\" content=\"Partners - Windeco\" \/>\n<meta property=\"og:description\" content=\"Windeco verf\u00fcgt \u00fcber ein dichtes weltweites Netzwerk von Partnern, die in der Lage sind, mechanische Komponenten von hoher Qualit\u00e4t von Prototypen-Einzelst\u00fccken bis zu sehr gro\u00dfen Serien zu fertigen. Unsere Partner haben Maschinen mit folgenden Technologien : Mehrspindel und Mono-Drehmaschinen (CAM-gesteuerte und CNC) Weich \/ Hartdrehen \/ Bohren \/ Fr\u00e4sen Schleifen : Innen \/ Au\u00dfen \/ [&hellip;]\" \/>\n<meta property=\"og:url\" content=\"https:\/\/www.windeco.biz\/de\/partners\/\" \/>\n<meta property=\"og:site_name\" content=\"Windeco\" \/>\n<meta property=\"article:modified_time\" content=\"2020-02-18T14:35:11+00:00\" \/>\n<meta property=\"og:image\" content=\"https:\/\/www.windeco.biz\/wp-content\/uploads\/Shafts.jpg\" \/>\n\t<meta property=\"og:image:width\" content=\"3000\" \/>\n\t<meta property=\"og:image:height\" content=\"1340\" \/>\n\t<meta property=\"og:image:type\" content=\"image\/jpeg\" \/>\n<meta name=\"twitter:card\" content=\"summary_large_image\" \/>\n<meta name=\"twitter:label1\" content=\"Gesch\u00e4tzte Lesezeit\" \/>\n\t<meta name=\"twitter:data1\" content=\"1\u00a0Minute\" \/>\n<script type=\"application\/ld+json\" class=\"yoast-schema-graph\">{\"@context\":\"https:\/\/schema.org\",\"@graph\":[{\"@type\":\"WebPage\",\"@id\":\"https:\/\/www.windeco.biz\/de\/partners\/\",\"url\":\"https:\/\/www.windeco.biz\/de\/partners\/\",\"name\":\"Partners - Windeco\",\"isPartOf\":{\"@id\":\"https:\/\/www.windeco.biz\/#website\"},\"primaryImageOfPage\":{\"@id\":\"https:\/\/www.windeco.biz\/de\/partners\/#primaryimage\"},\"image\":{\"@id\":\"https:\/\/www.windeco.biz\/de\/partners\/#primaryimage\"},\"thumbnailUrl\":\"https:\/\/www.windeco.biz\/wp-content\/uploads\/Shafts.jpg\",\"datePublished\":\"2018-12-18T07:21:05+00:00\",\"dateModified\":\"2020-02-18T14:35:11+00:00\",\"breadcrumb\":{\"@id\":\"https:\/\/www.windeco.biz\/de\/partners\/#breadcrumb\"},\"inLanguage\":\"de\",\"potentialAction\":[{\"@type\":\"ReadAction\",\"target\":[\"https:\/\/www.windeco.biz\/de\/partners\/\"]}]},{\"@type\":\"ImageObject\",\"inLanguage\":\"de\",\"@id\":\"https:\/\/www.windeco.biz\/de\/partners\/#primaryimage\",\"url\":\"https:\/\/www.windeco.biz\/wp-content\/uploads\/Shafts.jpg\",\"contentUrl\":\"https:\/\/www.windeco.biz\/wp-content\/uploads\/Shafts.jpg\",\"width\":3000,\"height\":1340},{\"@type\":\"BreadcrumbList\",\"@id\":\"https:\/\/www.windeco.biz\/de\/partners\/#breadcrumb\",\"itemListElement\":[{\"@type\":\"ListItem\",\"position\":1,\"name\":\"Accueil\",\"item\":\"https:\/\/www.windeco.biz\/de\/\"},{\"@type\":\"ListItem\",\"position\":2,\"name\":\"Partners\"}]},{\"@type\":\"WebSite\",\"@id\":\"https:\/\/www.windeco.biz\/#website\",\"url\":\"https:\/\/www.windeco.biz\/\",\"name\":\"Windeco\",\"description\":\"\",\"potentialAction\":[{\"@type\":\"SearchAction\",\"target\":{\"@type\":\"EntryPoint\",\"urlTemplate\":\"https:\/\/www.windeco.biz\/?s={search_term_string}\"},\"query-input\":\"required name=search_term_string\"}],\"inLanguage\":\"de\"}]}<\/script>\n<!-- \/ Yoast SEO plugin. -->","yoast_head_json":{"title":"Partners - Windeco","robots":{"index":"index","follow":"follow","max-snippet":"max-snippet:-1","max-image-preview":"max-image-preview:large","max-video-preview":"max-video-preview:-1"},"canonical":"https:\/\/www.windeco.biz\/de\/partners\/","og_locale":"de_DE","og_type":"article","og_title":"Partners - Windeco","og_description":"Windeco verf\u00fcgt \u00fcber ein dichtes weltweites Netzwerk von Partnern, die in der Lage sind, mechanische Komponenten von hoher Qualit\u00e4t von Prototypen-Einzelst\u00fccken bis zu sehr gro\u00dfen Serien zu fertigen. Unsere Partner haben Maschinen mit folgenden Technologien : Mehrspindel und Mono-Drehmaschinen (CAM-gesteuerte und CNC) Weich \/ Hartdrehen \/ Bohren \/ Fr\u00e4sen Schleifen : Innen \/ Au\u00dfen \/ [&hellip;]","og_url":"https:\/\/www.windeco.biz\/de\/partners\/","og_site_name":"Windeco","article_modified_time":"2020-02-18T14:35:11+00:00","og_image":[{"width":3000,"height":1340,"url":"https:\/\/www.windeco.biz\/wp-content\/uploads\/Shafts.jpg","type":"image\/jpeg"}],"twitter_card":"summary_large_image","twitter_misc":{"Gesch\u00e4tzte Lesezeit":"1\u00a0Minute"},"schema":{"@context":"https:\/\/schema.org","@graph":[{"@type":"WebPage","@id":"https:\/\/www.windeco.biz\/de\/partners\/","url":"https:\/\/www.windeco.biz\/de\/partners\/","name":"Partners - Windeco","isPartOf":{"@id":"https:\/\/www.windeco.biz\/#website"},"primaryImageOfPage":{"@id":"https:\/\/www.windeco.biz\/de\/partners\/#primaryimage"},"image":{"@id":"https:\/\/www.windeco.biz\/de\/partners\/#primaryimage"},"thumbnailUrl":"https:\/\/www.windeco.biz\/wp-content\/uploads\/Shafts.jpg","datePublished":"2018-12-18T07:21:05+00:00","dateModified":"2020-02-18T14:35:11+00:00","breadcrumb":{"@id":"https:\/\/www.windeco.biz\/de\/partners\/#breadcrumb"},"inLanguage":"de","potentialAction":[{"@type":"ReadAction","target":["https:\/\/www.windeco.biz\/de\/partners\/"]}]},{"@type":"ImageObject","inLanguage":"de","@id":"https:\/\/www.windeco.biz\/de\/partners\/#primaryimage","url":"https:\/\/www.windeco.biz\/wp-content\/uploads\/Shafts.jpg","contentUrl":"https:\/\/www.windeco.biz\/wp-content\/uploads\/Shafts.jpg","width":3000,"height":1340},{"@type":"BreadcrumbList","@id":"https:\/\/www.windeco.biz\/de\/partners\/#breadcrumb","itemListElement":[{"@type":"ListItem","position":1,"name":"Accueil","item":"https:\/\/www.windeco.biz\/de\/"},{"@type":"ListItem","position":2,"name":"Partners"}]},{"@type":"WebSite","@id":"https:\/\/www.windeco.biz\/#website","url":"https:\/\/www.windeco.biz\/","name":"Windeco","description":"","potentialAction":[{"@type":"SearchAction","target":{"@type":"EntryPoint","urlTemplate":"https:\/\/www.windeco.biz\/?s={search_term_string}"},"query-input":"required name=search_term_string"}],"inLanguage":"de"}]}},"_links":{"self":[{"href":"https:\/\/www.windeco.biz\/de\/wp-json\/wp\/v2\/pages\/2143"}],"collection":[{"href":"https:\/\/www.windeco.biz\/de\/wp-json\/wp\/v2\/pages"}],"about":[{"href":"https:\/\/www.windeco.biz\/de\/wp-json\/wp\/v2\/types\/page"}],"author":[{"embeddable":true,"href":"https:\/\/www.windeco.biz\/de\/wp-json\/wp\/v2\/users\/2"}],"replies":[{"embeddable":true,"href":"https:\/\/www.windeco.biz\/de\/wp-json\/wp\/v2\/comments?post=2143"}],"version-history":[{"count":4,"href":"https:\/\/www.windeco.biz\/de\/wp-json\/wp\/v2\/pages\/2143\/revisions"}],"predecessor-version":[{"id":2467,"href":"https:\/\/www.windeco.biz\/de\/wp-json\/wp\/v2\/pages\/2143\/revisions\/2467"}],"wp:featuredmedia":[{"embeddable":true,"href":"https:\/\/www.windeco.biz\/de\/wp-json\/wp\/v2\/media\/2366"}],"wp:attachment":[{"href":"https:\/\/www.windeco.biz\/de\/wp-json\/wp\/v2\/media?parent=2143"}],"curies":[{"name":"wp","href":"https:\/\/api.w.org\/{rel}","templated":true}]}}