{"id":2139,"date":"2019-01-04T07:17:48","date_gmt":"2019-01-04T07:17:48","guid":{"rendered":"https:\/\/www.windeco.biz\/a-propos\/"},"modified":"2020-02-05T11:41:55","modified_gmt":"2020-02-05T11:41:55","slug":"uber-uns","status":"publish","type":"page","link":"https:\/\/www.windeco.biz\/de\/uber-uns\/","title":{"rendered":"\u00dcber uns"},"content":{"rendered":"<p><span class=\"tlid-translation translation\" lang=\"de\"><span class=\"\" title=\"\">Unser sehr komplement\u00e4res Team<\/span><\/span> verf\u00fcgt \u00fcber eine lange Erfahrung in allen Bereichen der Fertigung mechanischer Komponenten, im Management, in der Produktion, bei der Methoden, im Vertrieb, bei der Qualit\u00e4t, bei der Logistik und auf dem Gebiet des Einkaufs.<\/p>\n<p>Dies erm\u00f6glicht es uns,\u00a0 den Hersteller auszuw\u00e4hlen der am besten den Anforderungen unserer Kunden entspricht, um die Ziele wie Wettbewerbsf\u00e4higkeit, Qualit\u00e4t und Zuverl\u00e4ssigkeit erf\u00fcllen zu k\u00f6nnen.<\/p>\n<h2>Unsere Ziele<\/h2>\n<p>Die Bed\u00fcrfnisse unserer Kunden die nach zuverl\u00e4ssigen und wettbewerbsf\u00e4higen L\u00f6sungen suchen erf\u00fcllen<br \/>\nAufbau einer langen Win-Win-Win-Beziehung zwischen unseren Kunden und unseren Partnern<\/p>\n<h2>Wie k\u00f6nnen wir Ihnen helfen?<\/h2>\n<p>Bei der Suche nach Produzenten, die genau auf Ihre Preis Bed\u00fcrfnisse eingehen k\u00f6nnen, sowohl bei der Qualit\u00e4t als auch bei der Terminschien.<br \/>\nBei der Auswahl von Zuliefern die sowohl lokal als auch in Asien aktiv sind.<br \/>\nDurch alternative Verfahren zur Kostensenkung<\/p>\n","protected":false},"excerpt":{"rendered":"<p>Unser sehr komplement\u00e4res Team verf\u00fcgt \u00fcber eine lange Erfahrung in allen Bereichen der Fertigung mechanischer Komponenten, im Management, in der Produktion, bei der Methoden, im Vertrieb, bei der Qualit\u00e4t, bei der Logistik und auf dem Gebiet des Einkaufs. Dies erm\u00f6glicht es uns,\u00a0 den Hersteller auszuw\u00e4hlen der am besten den Anforderungen unserer Kunden entspricht, um die [&hellip;]<\/p>\n","protected":false},"author":2,"featured_media":2155,"parent":0,"menu_order":0,"comment_status":"closed","ping_status":"closed","template":"","meta":{"footnotes":""},"acf":[],"yoast_head":"<!-- This site is optimized with the Yoast SEO plugin v22.6 - https:\/\/yoast.com\/wordpress\/plugins\/seo\/ -->\n<title>\u00dcber uns - Windeco<\/title>\n<meta name=\"robots\" content=\"index, follow, max-snippet:-1, max-image-preview:large, max-video-preview:-1\" \/>\n<link rel=\"canonical\" href=\"https:\/\/www.windeco.biz\/de\/uber-uns\/\" \/>\n<meta property=\"og:locale\" content=\"de_DE\" \/>\n<meta property=\"og:type\" content=\"article\" \/>\n<meta property=\"og:title\" content=\"\u00dcber uns - Windeco\" \/>\n<meta property=\"og:description\" content=\"Unser sehr komplement\u00e4res Team verf\u00fcgt \u00fcber eine lange Erfahrung in allen Bereichen der Fertigung mechanischer Komponenten, im Management, in der Produktion, bei der Methoden, im Vertrieb, bei der Qualit\u00e4t, bei der Logistik und auf dem Gebiet des Einkaufs. Dies erm\u00f6glicht es uns,\u00a0 den Hersteller auszuw\u00e4hlen der am besten den Anforderungen unserer Kunden entspricht, um die [&hellip;]\" \/>\n<meta property=\"og:url\" content=\"https:\/\/www.windeco.biz\/de\/uber-uns\/\" \/>\n<meta property=\"og:site_name\" content=\"Windeco\" \/>\n<meta property=\"article:modified_time\" content=\"2020-02-05T11:41:55+00:00\" \/>\n<meta property=\"og:image\" content=\"https:\/\/www.windeco.biz\/wp-content\/uploads\/decolletage.jpg\" \/>\n\t<meta property=\"og:image:width\" content=\"1920\" \/>\n\t<meta property=\"og:image:height\" content=\"932\" \/>\n\t<meta property=\"og:image:type\" content=\"image\/jpeg\" \/>\n<meta name=\"twitter:card\" content=\"summary_large_image\" \/>\n<meta name=\"twitter:label1\" content=\"Gesch\u00e4tzte Lesezeit\" \/>\n\t<meta name=\"twitter:data1\" content=\"1\u00a0Minute\" \/>\n<script type=\"application\/ld+json\" class=\"yoast-schema-graph\">{\"@context\":\"https:\/\/schema.org\",\"@graph\":[{\"@type\":\"WebPage\",\"@id\":\"https:\/\/www.windeco.biz\/de\/uber-uns\/\",\"url\":\"https:\/\/www.windeco.biz\/de\/uber-uns\/\",\"name\":\"\u00dcber uns - Windeco\",\"isPartOf\":{\"@id\":\"https:\/\/www.windeco.biz\/#website\"},\"primaryImageOfPage\":{\"@id\":\"https:\/\/www.windeco.biz\/de\/uber-uns\/#primaryimage\"},\"image\":{\"@id\":\"https:\/\/www.windeco.biz\/de\/uber-uns\/#primaryimage\"},\"thumbnailUrl\":\"https:\/\/www.windeco.biz\/wp-content\/uploads\/decolletage.jpg\",\"datePublished\":\"2019-01-04T07:17:48+00:00\",\"dateModified\":\"2020-02-05T11:41:55+00:00\",\"breadcrumb\":{\"@id\":\"https:\/\/www.windeco.biz\/de\/uber-uns\/#breadcrumb\"},\"inLanguage\":\"de\",\"potentialAction\":[{\"@type\":\"ReadAction\",\"target\":[\"https:\/\/www.windeco.biz\/de\/uber-uns\/\"]}]},{\"@type\":\"ImageObject\",\"inLanguage\":\"de\",\"@id\":\"https:\/\/www.windeco.biz\/de\/uber-uns\/#primaryimage\",\"url\":\"https:\/\/www.windeco.biz\/wp-content\/uploads\/decolletage.jpg\",\"contentUrl\":\"https:\/\/www.windeco.biz\/wp-content\/uploads\/decolletage.jpg\",\"width\":1920,\"height\":932},{\"@type\":\"BreadcrumbList\",\"@id\":\"https:\/\/www.windeco.biz\/de\/uber-uns\/#breadcrumb\",\"itemListElement\":[{\"@type\":\"ListItem\",\"position\":1,\"name\":\"Accueil\",\"item\":\"https:\/\/www.windeco.biz\/de\/\"},{\"@type\":\"ListItem\",\"position\":2,\"name\":\"\u00dcber uns\"}]},{\"@type\":\"WebSite\",\"@id\":\"https:\/\/www.windeco.biz\/#website\",\"url\":\"https:\/\/www.windeco.biz\/\",\"name\":\"Windeco\",\"description\":\"\",\"potentialAction\":[{\"@type\":\"SearchAction\",\"target\":{\"@type\":\"EntryPoint\",\"urlTemplate\":\"https:\/\/www.windeco.biz\/?s={search_term_string}\"},\"query-input\":\"required name=search_term_string\"}],\"inLanguage\":\"de\"}]}<\/script>\n<!-- \/ Yoast SEO plugin. -->","yoast_head_json":{"title":"\u00dcber uns - Windeco","robots":{"index":"index","follow":"follow","max-snippet":"max-snippet:-1","max-image-preview":"max-image-preview:large","max-video-preview":"max-video-preview:-1"},"canonical":"https:\/\/www.windeco.biz\/de\/uber-uns\/","og_locale":"de_DE","og_type":"article","og_title":"\u00dcber uns - Windeco","og_description":"Unser sehr komplement\u00e4res Team verf\u00fcgt \u00fcber eine lange Erfahrung in allen Bereichen der Fertigung mechanischer Komponenten, im Management, in der Produktion, bei der Methoden, im Vertrieb, bei der Qualit\u00e4t, bei der Logistik und auf dem Gebiet des Einkaufs. Dies erm\u00f6glicht es uns,\u00a0 den Hersteller auszuw\u00e4hlen der am besten den Anforderungen unserer Kunden entspricht, um die [&hellip;]","og_url":"https:\/\/www.windeco.biz\/de\/uber-uns\/","og_site_name":"Windeco","article_modified_time":"2020-02-05T11:41:55+00:00","og_image":[{"width":1920,"height":932,"url":"https:\/\/www.windeco.biz\/wp-content\/uploads\/decolletage.jpg","type":"image\/jpeg"}],"twitter_card":"summary_large_image","twitter_misc":{"Gesch\u00e4tzte Lesezeit":"1\u00a0Minute"},"schema":{"@context":"https:\/\/schema.org","@graph":[{"@type":"WebPage","@id":"https:\/\/www.windeco.biz\/de\/uber-uns\/","url":"https:\/\/www.windeco.biz\/de\/uber-uns\/","name":"\u00dcber uns - Windeco","isPartOf":{"@id":"https:\/\/www.windeco.biz\/#website"},"primaryImageOfPage":{"@id":"https:\/\/www.windeco.biz\/de\/uber-uns\/#primaryimage"},"image":{"@id":"https:\/\/www.windeco.biz\/de\/uber-uns\/#primaryimage"},"thumbnailUrl":"https:\/\/www.windeco.biz\/wp-content\/uploads\/decolletage.jpg","datePublished":"2019-01-04T07:17:48+00:00","dateModified":"2020-02-05T11:41:55+00:00","breadcrumb":{"@id":"https:\/\/www.windeco.biz\/de\/uber-uns\/#breadcrumb"},"inLanguage":"de","potentialAction":[{"@type":"ReadAction","target":["https:\/\/www.windeco.biz\/de\/uber-uns\/"]}]},{"@type":"ImageObject","inLanguage":"de","@id":"https:\/\/www.windeco.biz\/de\/uber-uns\/#primaryimage","url":"https:\/\/www.windeco.biz\/wp-content\/uploads\/decolletage.jpg","contentUrl":"https:\/\/www.windeco.biz\/wp-content\/uploads\/decolletage.jpg","width":1920,"height":932},{"@type":"BreadcrumbList","@id":"https:\/\/www.windeco.biz\/de\/uber-uns\/#breadcrumb","itemListElement":[{"@type":"ListItem","position":1,"name":"Accueil","item":"https:\/\/www.windeco.biz\/de\/"},{"@type":"ListItem","position":2,"name":"\u00dcber uns"}]},{"@type":"WebSite","@id":"https:\/\/www.windeco.biz\/#website","url":"https:\/\/www.windeco.biz\/","name":"Windeco","description":"","potentialAction":[{"@type":"SearchAction","target":{"@type":"EntryPoint","urlTemplate":"https:\/\/www.windeco.biz\/?s={search_term_string}"},"query-input":"required name=search_term_string"}],"inLanguage":"de"}]}},"_links":{"self":[{"href":"https:\/\/www.windeco.biz\/de\/wp-json\/wp\/v2\/pages\/2139"}],"collection":[{"href":"https:\/\/www.windeco.biz\/de\/wp-json\/wp\/v2\/pages"}],"about":[{"href":"https:\/\/www.windeco.biz\/de\/wp-json\/wp\/v2\/types\/page"}],"author":[{"embeddable":true,"href":"https:\/\/www.windeco.biz\/de\/wp-json\/wp\/v2\/users\/2"}],"replies":[{"embeddable":true,"href":"https:\/\/www.windeco.biz\/de\/wp-json\/wp\/v2\/comments?post=2139"}],"version-history":[{"count":8,"href":"https:\/\/www.windeco.biz\/de\/wp-json\/wp\/v2\/pages\/2139\/revisions"}],"predecessor-version":[{"id":2477,"href":"https:\/\/www.windeco.biz\/de\/wp-json\/wp\/v2\/pages\/2139\/revisions\/2477"}],"wp:featuredmedia":[{"embeddable":true,"href":"https:\/\/www.windeco.biz\/de\/wp-json\/wp\/v2\/media\/2155"}],"wp:attachment":[{"href":"https:\/\/www.windeco.biz\/de\/wp-json\/wp\/v2\/media?parent=2139"}],"curies":[{"name":"wp","href":"https:\/\/api.w.org\/{rel}","templated":true}]}}